
{"id":2,"date":"2013-07-18T13:44:23","date_gmt":"2013-07-18T13:44:23","guid":{"rendered":"http:\/\/wl45www273.webland.ch\/pages\/?page_id=2"},"modified":"2025-12-28T09:29:44","modified_gmt":"2025-12-28T07:29:44","slug":"beispiel-seite","status":"publish","type":"page","link":"https:\/\/www.restaurant-eulachpark.ch\/pages\/","title":{"rendered":""},"content":{"rendered":"<h2 class=\"wp-block-heading has-text-align-center has-text-color\" style=\"color:#008599\"><strong><em>Herzlich Willkommen im  Restaurant Eulachpark<\/em><\/strong> <br><em>in der Halle 710 in Winterthur<\/em><\/h2>\n\n\n<div class=\"wp-block-image is-style-default\">\n<figure class=\"aligncenter size-large is-resized\"><img loading=\"lazy\" decoding=\"async\" width=\"640\" height=\"480\" src=\"https:\/\/www.restaurant-eulachpark.ch\/pages\/wp-content\/uploads\/Bankett2-1.jpeg\" alt=\"\" class=\"wp-image-4824\" style=\"width:320px;height:240px\" srcset=\"https:\/\/www.restaurant-eulachpark.ch\/pages\/wp-content\/uploads\/Bankett2-1.jpeg 640w, https:\/\/www.restaurant-eulachpark.ch\/pages\/wp-content\/uploads\/Bankett2-1-300x225.jpeg 300w\" sizes=\"auto, (max-width: 640px) 100vw, 640px\" \/><\/figure><\/div>\n\n\n<p class=\"has-text-align-center has-text-color\" style=\"color:#008599\">*******<br><strong>Wir freuen uns, Sie im <em>Restaurant Eulachpark <\/em>begr\u00fcssen zu d\u00fcrfen. <\/strong><\/p>\n\n\n\n<div class=\"wp-block-group\"><div class=\"wp-block-group__inner-container is-layout-flow wp-block-group-is-layout-flow\">\n<p class=\"has-text-align-center has-text-color has-normal-font-size\" style=\"color:#008599\"> <strong>Frische, regionale und saisonale K\u00fcche liegt uns sehr am Herzen und deshalb ist es uns ein gro\u00dfes Vergn\u00fcgen,<\/strong><br><strong>Sie mit unserem kulinarischen Angebot verw\u00f6hnen zu d\u00fcrfen.<\/strong><br><\/p>\n<\/div><\/div>\n\n\n\n<p class=\"has-text-align-center has-text-color\" style=\"color:#008599\"><strong>Ihre Familie Mette und Freddy Kaiser<\/strong> <strong>und das Eulachpark-Team<\/strong><\/p>\n\n\n\n<hr class=\"wp-block-separator has-css-opacity\"\/>\n\n\n\n<p class=\"has-text-align-center has-text-color\" style=\"color:#008599\">******************************************<\/p>\n\n\n\n<p class=\"has-text-align-center has-text-color\" style=\"color:#008599\">Reservieren Sie einen Tisch bei uns:<\/p>\n\n\n\n<p class=\"has-text-align-center has-text-color\" style=\"color:#008599\"><a href=\"https:\/\/www.mylocalina.ch\/widget\/?id=9c4c171c-1126-41f5-abce-21f5f0796bc6\" data-type=\"URL\" data-id=\"https:\/\/www.mylocalina.ch\/widget\/?id=9c4c171c-1126-41f5-abce-21f5f0796bc6\"><strong>Online Reservierung<\/strong><\/a><\/p>\n\n\n\n<p class=\"has-text-align-center has-text-color\" style=\"color:#008599\">***************************************<\/p>\n\n\n\n<p class=\"has-text-align-center has-text-color\" style=\"color:#990700\">Achten Sie auch auf unsere Rubrik<a href=\"https:\/\/www.restaurant-eulachpark.ch\/pages\/catering\/\"> &#8222;<strong>AKTUELLES<\/strong>&#8222;<\/a>, hier werden Sie laufend \u00fcber spezielle Angebote, Events oder spezielle \u00d6ffnungszeiten informiert.<\/p>\n\n\n\n<p class=\"has-text-align-right\"><\/p>","protected":false},"excerpt":{"rendered":"<p>Herzlich Willkommen im Restaurant Eulachpark in der Halle 710 in Winterthur *******Wir freuen uns, Sie im Restaurant Eulachpark begr\u00fcssen zu d\u00fcrfen. Frische, regionale und saisonale K\u00fcche liegt uns sehr am Herzen und deshalb ist es uns ein gro\u00dfes Vergn\u00fcgen,Sie mit <a class=\"more-link\" href=\"https:\/\/www.restaurant-eulachpark.ch\/pages\/\"><span class=\"screen-reader-text\">  <\/span> weiterlesen<span class=\"meta-nav\">&rarr;<\/span><\/a><\/p>\n","protected":false},"author":1,"featured_media":0,"parent":0,"menu_order":0,"comment_status":"closed","ping_status":"open","template":"page-fullwidth.php","meta":{"ngg_post_thumbnail":0,"footnotes":""},"class_list":["post-2","page","type-page","status-publish","hentry"],"_links":{"self":[{"href":"https:\/\/www.restaurant-eulachpark.ch\/pages\/wp-json\/wp\/v2\/pages\/2","targetHints":{"allow":["GET"]}}],"collection":[{"href":"https:\/\/www.restaurant-eulachpark.ch\/pages\/wp-json\/wp\/v2\/pages"}],"about":[{"href":"https:\/\/www.restaurant-eulachpark.ch\/pages\/wp-json\/wp\/v2\/types\/page"}],"author":[{"embeddable":true,"href":"https:\/\/www.restaurant-eulachpark.ch\/pages\/wp-json\/wp\/v2\/users\/1"}],"replies":[{"embeddable":true,"href":"https:\/\/www.restaurant-eulachpark.ch\/pages\/wp-json\/wp\/v2\/comments?post=2"}],"version-history":[{"count":280,"href":"https:\/\/www.restaurant-eulachpark.ch\/pages\/wp-json\/wp\/v2\/pages\/2\/revisions"}],"predecessor-version":[{"id":5267,"href":"https:\/\/www.restaurant-eulachpark.ch\/pages\/wp-json\/wp\/v2\/pages\/2\/revisions\/5267"}],"wp:attachment":[{"href":"https:\/\/www.restaurant-eulachpark.ch\/pages\/wp-json\/wp\/v2\/media?parent=2"}],"curies":[{"name":"wp","href":"https:\/\/api.w.org\/{rel}","templated":true}]}}